{"id":404,"date":"2026-01-25T19:19:45","date_gmt":"2026-01-25T19:19:45","guid":{"rendered":"https:\/\/riche-aid.org\/?page_id=404"},"modified":"2026-01-29T13:54:03","modified_gmt":"2026-01-29T13:54:03","slug":"personnel","status":"publish","type":"page","link":"https:\/\/riche-aid.org\/?page_id=404","title":{"rendered":"Personnel"},"content":{"rendered":"\n<div class=\"wp-block-group has-black-color has-text-color has-background has-link-color wp-elements-e24f7edc54bd39f5d1b02733e61e4ecb is-layout-constrained wp-container-core-group-is-layout-dc067305 wp-block-group-is-layout-constrained\" style=\"background-color:#c7f0cc;margin-top:0;margin-bottom:0\">\n<div style=\"height:50px\" aria-hidden=\"true\" class=\"wp-block-spacer\"><\/div>\n\n\n\n<h3 class=\"wp-block-heading has-text-align-center wow fadeInUp has-text-color has-link-color has-fse-solar-power-lato-font-family has-small-font-size wp-elements-bcb3049da670aa3c0d8d33cd17639ae3\" style=\"color:var(--wp--preset--color--extra-primary);font-style:normal;font-weight:400\">Les membres de notre \u00e9quipe<\/h3>\n\n\n\n<h2 class=\"wp-block-heading has-text-align-center wow fadeInUp has-background-color has-text-color has-link-color has-fse-solar-power-lato-font-family wp-elements-e232f367d67779de9266fd850e97e657\" style=\"font-size:35px;font-style:normal;font-weight:700;line-height:1.5\">D\u00e9couvrez l&#8217;\u00e9quipe<\/h2>\n\n\n\n<div class=\"wp-block-columns are-vertically-aligned-center team-main-box is-layout-flex wp-container-core-columns-is-layout-28f84493 wp-block-columns-is-layout-flex\">\n<div class=\"wp-block-column is-vertically-aligned-center team-box wow fadeInUp is-layout-flow wp-block-column-is-layout-flow\">\n<figure class=\"wp-block-image size-full has-custom-border\" style=\"margin-bottom:var(--wp--preset--spacing--40)\"><img loading=\"lazy\" decoding=\"async\" width=\"1024\" height=\"1536\" src=\"http:\/\/riche-aid.org\/wp-content\/uploads\/2026\/01\/PEM.png\" alt=\"\" class=\"wp-image-423\" style=\"border-radius:15px\" srcset=\"https:\/\/riche-aid.org\/wp-content\/uploads\/2026\/01\/PEM.png 1024w, https:\/\/riche-aid.org\/wp-content\/uploads\/2026\/01\/PEM-200x300.png 200w, https:\/\/riche-aid.org\/wp-content\/uploads\/2026\/01\/PEM-683x1024.png 683w, https:\/\/riche-aid.org\/wp-content\/uploads\/2026\/01\/PEM-768x1152.png 768w, https:\/\/riche-aid.org\/wp-content\/uploads\/2026\/01\/PEM-600x900.png 600w\" sizes=\"auto, (max-width: 1024px) 100vw, 1024px\" \/><\/figure>\n\n\n\n<p class=\"has-text-align-center has-background-color has-text-color has-link-color has-fse-solar-power-lato-font-family wp-elements-288a48c417b9c7487da6964c594b08cd\" style=\"margin-top:0;margin-bottom:0;font-size:16px\">Pr\u00e9sident Ex\u00e9cutif Mondial<\/p>\n\n\n\n<h2 class=\"wp-block-heading has-text-align-center has-background-color has-text-color has-link-color has-fse-solar-power-lato-font-family wp-elements-eb36bd7abec33b7af7e56dda2e73f551\" style=\"margin-top:0;margin-bottom:0;font-size:21px;font-style:normal;font-weight:400\"><a href=\"#\">GOE B. Bi Olivier Lazare<\/a><\/h2>\n<\/div>\n\n\n\n<div class=\"wp-block-column is-vertically-aligned-center team-box wow fadeInUp is-layout-flow wp-block-column-is-layout-flow\">\n<figure class=\"wp-block-image size-full has-custom-border\" style=\"margin-bottom:var(--wp--preset--spacing--40)\"><img loading=\"lazy\" decoding=\"async\" width=\"800\" height=\"1200\" src=\"https:\/\/riche-aid.org\/wp-content\/uploads\/2026\/01\/Romaric.png\" alt=\"\" class=\"wp-image-275\" style=\"border-radius:15px\" srcset=\"https:\/\/riche-aid.org\/wp-content\/uploads\/2026\/01\/Romaric.png 800w, https:\/\/riche-aid.org\/wp-content\/uploads\/2026\/01\/Romaric-200x300.png 200w, https:\/\/riche-aid.org\/wp-content\/uploads\/2026\/01\/Romaric-683x1024.png 683w, https:\/\/riche-aid.org\/wp-content\/uploads\/2026\/01\/Romaric-768x1152.png 768w, https:\/\/riche-aid.org\/wp-content\/uploads\/2026\/01\/Romaric-600x900.png 600w\" sizes=\"auto, (max-width: 800px) 100vw, 800px\" \/><\/figure>\n\n\n\n<p class=\"has-text-align-center has-background-color has-text-color has-link-color has-fse-solar-power-lato-font-family wp-elements-9db3b9461fb4e5cc5840d14fa9191a8e\" style=\"margin-top:0;margin-bottom:0;font-size:16px\">Ing\u00e9nieur IT- Expert SAP MM<\/p>\n\n\n\n<h2 class=\"wp-block-heading has-text-align-center has-background-color has-text-color has-link-color has-fse-solar-power-lato-font-family wp-elements-cf9e977ade224fd38d7683aee8c117fe\" style=\"margin-top:0;margin-bottom:0;font-size:22px;font-style:normal;font-weight:400\"><a href=\"#\">Iri\u00e9 Romaric<\/a><\/h2>\n<\/div>\n\n\n\n<div class=\"wp-block-column is-vertically-aligned-center team-box wow fadeInUp is-layout-flow wp-block-column-is-layout-flow\">\n<figure class=\"wp-block-image size-full has-custom-border\" style=\"margin-bottom:var(--wp--preset--spacing--40)\"><img loading=\"lazy\" decoding=\"async\" width=\"1024\" height=\"1536\" src=\"https:\/\/riche-aid.org\/wp-content\/uploads\/2026\/01\/Dame-Yolande.png\" alt=\"\" class=\"wp-image-278\" style=\"border-radius:15px\" srcset=\"https:\/\/riche-aid.org\/wp-content\/uploads\/2026\/01\/Dame-Yolande.png 1024w, https:\/\/riche-aid.org\/wp-content\/uploads\/2026\/01\/Dame-Yolande-200x300.png 200w, https:\/\/riche-aid.org\/wp-content\/uploads\/2026\/01\/Dame-Yolande-683x1024.png 683w, https:\/\/riche-aid.org\/wp-content\/uploads\/2026\/01\/Dame-Yolande-768x1152.png 768w, https:\/\/riche-aid.org\/wp-content\/uploads\/2026\/01\/Dame-Yolande-600x900.png 600w\" sizes=\"auto, (max-width: 1024px) 100vw, 1024px\" \/><\/figure>\n\n\n\n<p class=\"has-text-align-center has-background-color has-text-color has-link-color has-fse-solar-power-lato-font-family wp-elements-cc7fc8c304640b784aa73f1c2b3609c5\" style=\"margin-top:0;margin-bottom:0;font-size:16px\">Assistante de Direction<\/p>\n\n\n\n<h2 class=\"wp-block-heading has-text-align-center has-background-color has-text-color has-link-color has-fse-solar-power-lato-font-family wp-elements-49cd335e7a1971d50ce2398e68302caf\" style=\"margin-top:0;margin-bottom:0;font-size:22px;font-style:normal;font-weight:400\"><a href=\"#\">Amon Yolande<\/a><\/h2>\n<\/div>\n\n\n\n<div class=\"wp-block-column is-vertically-aligned-center team-box wow fadeInUp is-layout-flow wp-block-column-is-layout-flow\">\n<figure class=\"wp-block-image size-full has-custom-border\" style=\"margin-bottom:var(--wp--preset--spacing--40)\"><img loading=\"lazy\" decoding=\"async\" width=\"1024\" height=\"1536\" src=\"https:\/\/riche-aid.org\/wp-content\/uploads\/2026\/01\/bahbi.png\" alt=\"\" class=\"wp-image-355\" style=\"border-radius:15px\" srcset=\"https:\/\/riche-aid.org\/wp-content\/uploads\/2026\/01\/bahbi.png 1024w, https:\/\/riche-aid.org\/wp-content\/uploads\/2026\/01\/bahbi-200x300.png 200w, https:\/\/riche-aid.org\/wp-content\/uploads\/2026\/01\/bahbi-683x1024.png 683w, https:\/\/riche-aid.org\/wp-content\/uploads\/2026\/01\/bahbi-768x1152.png 768w, https:\/\/riche-aid.org\/wp-content\/uploads\/2026\/01\/bahbi-600x900.png 600w\" sizes=\"auto, (max-width: 1024px) 100vw, 1024px\" \/><\/figure>\n\n\n\n<p class=\"has-text-align-center has-background-color has-text-color has-link-color has-fse-solar-power-lato-font-family wp-elements-9f54ec2a519a445215e4088367b78770\" style=\"margin-top:0;margin-bottom:0;font-size:16px\">Administrateur G\u00e9n\u00e9ral<\/p>\n\n\n\n<h2 class=\"wp-block-heading has-text-align-center has-background-color has-text-color has-link-color has-fse-solar-power-lato-font-family wp-elements-81d03e3bf1eafe1019e7ad3dd36d3aba\" style=\"margin-top:0;margin-bottom:0;font-size:22px;font-style:normal;font-weight:400\"><a href=\"#\">Bah celestin<\/a><\/h2>\n<\/div>\n<\/div>\n<\/div>\n\n\n\n<h3 class=\"wp-block-heading\">Le personnel de RICHE-AID<\/h3>\n\n\n\n<p>Le personnel de <strong>RICHE-AID<\/strong> incarne l\u2019exigence d\u2019excellence, d\u2019int\u00e9grit\u00e9 et de professionnalisme qui fonde l\u2019identit\u00e9 du r\u00e9seau. Il est compos\u00e9 de femmes et d\u2019hommes engag\u00e9s, issus de parcours reconnus dans les domaines de la <strong>gouvernance<\/strong>, de la <strong>finance<\/strong>, du <strong>droit<\/strong>, du <strong>d\u00e9veloppement \u00e9conomique<\/strong> et de la <strong>coop\u00e9ration internationale<\/strong>.<\/p>\n\n\n\n<p>Organis\u00e9e autour d\u2019une approche pluridisciplinaire, l\u2019\u00e9quipe de RICHE-AID agit comme un <strong>levier strat\u00e9gique<\/strong> au service de la cr\u00e9dibilisation des entrepreneurs africains et de la diaspora. Elle veille \u00e0 l\u2019application rigoureuse des standards internationaux de conformit\u00e9, tout en favorisant la cr\u00e9ation de <strong>partenariats \u00e9conomiques responsables et durables<\/strong>.<\/p>\n\n\n\n<p>Anim\u00e9 par une vision commune, le personnel de RICHE-AID assure l\u2019accompagnement des membres, la structuration de projets \u00e0 fort impact et le dialogue institutionnel avec les partenaires internationaux.<br>Son engagement quotidien contribue \u00e0 positionner RICHE-AID comme un <strong>acteur de r\u00e9f\u00e9rence<\/strong> en mati\u00e8re de gouvernance entrepreneuriale africaine.<\/p>\n\n\n\n<hr class=\"wp-block-separator has-alpha-channel-opacity\"\/>\n\n\n\n<h3 class=\"wp-block-heading\">Ressources humaines et gouvernance op\u00e9rationnelle<\/h3>\n\n\n\n<p>Le personnel de <strong>RICHE-AID<\/strong> constitue un pilier essentiel de la gouvernance op\u00e9rationnelle du r\u00e9seau. Il est structur\u00e9 autour de comp\u00e9tences techniques et institutionnelles r\u00e9pondant aux exigences de <strong>transparence<\/strong>, de <strong>redevabilit\u00e9<\/strong> et de <strong>performance<\/strong>.<\/p>\n\n\n\n<h3 class=\"wp-block-heading\">Composition et comp\u00e9tences<\/h3>\n\n\n\n<p>Les \u00e9quipes regroupent des profils sp\u00e9cialis\u00e9s dans :<\/p>\n\n\n\n<ul class=\"wp-block-list\">\n<li>La gouvernance administrative et financi\u00e8re<\/li>\n\n\n\n<li>L\u2019audit, la conformit\u00e9 et la gestion des risques<\/li>\n\n\n\n<li>Le droit des affaires et la conformit\u00e9 r\u00e9glementaire<\/li>\n\n\n\n<li>Le d\u00e9veloppement \u00e9conomique et la structuration de projets<\/li>\n\n\n\n<li>La responsabilit\u00e9 sociale et la coop\u00e9ration internationale<\/li>\n<\/ul>\n\n\n\n<h3 class=\"wp-block-heading\">Cadre \u00e9thique et d\u00e9ontologique<\/h3>\n\n\n\n<p>L\u2019ensemble du personnel est soumis \u00e0 un <strong>code d\u2019\u00e9thique et de d\u00e9ontologie<\/strong> garantissant :<\/p>\n\n\n\n<ul class=\"wp-block-list\">\n<li>L\u2019ind\u00e9pendance et l\u2019impartialit\u00e9 des d\u00e9cisions<\/li>\n\n\n\n<li>La confidentialit\u00e9 des informations trait\u00e9es<\/li>\n\n\n\n<li>Le respect des normes nationales et internationales<\/li>\n\n\n\n<li>La pr\u00e9vention des conflits d\u2019int\u00e9r\u00eats<\/li>\n<\/ul>\n\n\n\n<h3 class=\"wp-block-heading\">Contributions cl\u00e9s sur l\u2019exercice<\/h3>\n\n\n\n<p>Au cours de l\u2019exercice, le personnel de RICHE-AID a notamment assur\u00e9 :<\/p>\n\n\n\n<ul class=\"wp-block-list\">\n<li>L\u2019instruction et le suivi des dossiers d\u2019adh\u00e9sion et de labellisation<\/li>\n\n\n\n<li>L\u2019accompagnement des membres vers la conformit\u00e9 et la bonne gouvernance<\/li>\n\n\n\n<li>La coordination de projets \u00e9conomiques structurants<\/li>\n\n\n\n<li>La repr\u00e9sentation institutionnelle du r\u00e9seau aupr\u00e8s des partenaires et bailleurs<\/li>\n<\/ul>\n\n\n\n<p>Par son action, le personnel de RICHE-AID contribue directement \u00e0 la <strong>restauration durable de la cr\u00e9dibilit\u00e9 de l\u2019entrepreneuriat africain et diasporique<\/strong>, conform\u00e9ment \u00e0 la mission institutionnelle du r\u00e9seau.<\/p>\n\n\n\n<hr class=\"wp-block-separator has-alpha-channel-opacity\"\/>\n\n\n\n<p><\/p>\n","protected":false},"excerpt":{"rendered":"<p>Les membres de notre \u00e9quipe D\u00e9couvrez l&#8217;\u00e9quipe Pr\u00e9sident Ex\u00e9cutif Mondial GOE B. Bi Olivier Lazare Ing\u00e9nieur IT- Expert SAP MM Iri\u00e9 Romaric Assistante de Direction Amon Yolande Administrateur G\u00e9n\u00e9ral Bah celestin Le personnel de RICHE-AID Le personnel de RICHE-AID incarne l\u2019exigence d\u2019excellence, d\u2019int\u00e9grit\u00e9 et de professionnalisme qui fonde l\u2019identit\u00e9 du r\u00e9seau. Il est compos\u00e9 de [&hellip;]<\/p>\n","protected":false},"author":1,"featured_media":0,"parent":0,"menu_order":0,"comment_status":"closed","ping_status":"closed","template":"","meta":{"footnotes":""},"class_list":["post-404","page","type-page","status-publish","hentry"],"_links":{"self":[{"href":"https:\/\/riche-aid.org\/index.php?rest_route=\/wp\/v2\/pages\/404","targetHints":{"allow":["GET"]}}],"collection":[{"href":"https:\/\/riche-aid.org\/index.php?rest_route=\/wp\/v2\/pages"}],"about":[{"href":"https:\/\/riche-aid.org\/index.php?rest_route=\/wp\/v2\/types\/page"}],"author":[{"embeddable":true,"href":"https:\/\/riche-aid.org\/index.php?rest_route=\/wp\/v2\/users\/1"}],"replies":[{"embeddable":true,"href":"https:\/\/riche-aid.org\/index.php?rest_route=%2Fwp%2Fv2%2Fcomments&post=404"}],"version-history":[{"count":10,"href":"https:\/\/riche-aid.org\/index.php?rest_route=\/wp\/v2\/pages\/404\/revisions"}],"predecessor-version":[{"id":447,"href":"https:\/\/riche-aid.org\/index.php?rest_route=\/wp\/v2\/pages\/404\/revisions\/447"}],"wp:attachment":[{"href":"https:\/\/riche-aid.org\/index.php?rest_route=%2Fwp%2Fv2%2Fmedia&parent=404"}],"curies":[{"name":"wp","href":"https:\/\/api.w.org\/{rel}","templated":true}]}}