{"id":26,"date":"2026-01-11T22:19:47","date_gmt":"2026-01-11T22:19:47","guid":{"rendered":"https:\/\/riche-aid.org\/?page_id=26"},"modified":"2026-01-25T20:50:10","modified_gmt":"2026-01-25T20:50:10","slug":"phototheques","status":"publish","type":"page","link":"https:\/\/riche-aid.org\/?page_id=26","title":{"rendered":"Phototh\u00e8ques"},"content":{"rendered":"\n<p><\/p>\n\n\n\n<p><\/p>\n\n\n\n<div class=\"wp-block-columns is-layout-flex wp-container-core-columns-is-layout-28f84493 wp-block-columns-is-layout-flex\">\n<div class=\"wp-block-column is-layout-flow wp-block-column-is-layout-flow\">\n<figure class=\"wp-block-image size-large\"><img loading=\"lazy\" decoding=\"async\" width=\"768\" height=\"1024\" src=\"http:\/\/riche-aid.org\/wp-content\/uploads\/2026\/01\/a-la-radio-768x1024.jpeg\" alt=\"\" class=\"wp-image-100\" srcset=\"https:\/\/riche-aid.org\/wp-content\/uploads\/2026\/01\/a-la-radio-768x1024.jpeg 768w, https:\/\/riche-aid.org\/wp-content\/uploads\/2026\/01\/a-la-radio-600x800.jpeg 600w, https:\/\/riche-aid.org\/wp-content\/uploads\/2026\/01\/a-la-radio-225x300.jpeg 225w, https:\/\/riche-aid.org\/wp-content\/uploads\/2026\/01\/a-la-radio.jpeg 810w\" sizes=\"auto, (max-width: 768px) 100vw, 768px\" \/><\/figure>\n<\/div>\n\n\n\n<div class=\"wp-block-column is-layout-flow wp-block-column-is-layout-flow\">\n<figure class=\"wp-block-image size-large\"><img loading=\"lazy\" decoding=\"async\" width=\"768\" height=\"1024\" src=\"http:\/\/riche-aid.org\/wp-content\/uploads\/2026\/01\/Au-bure-768x1024.jpg\" alt=\"\" class=\"wp-image-106\" srcset=\"https:\/\/riche-aid.org\/wp-content\/uploads\/2026\/01\/Au-bure-768x1024.jpg 768w, https:\/\/riche-aid.org\/wp-content\/uploads\/2026\/01\/Au-bure-600x800.jpg 600w, https:\/\/riche-aid.org\/wp-content\/uploads\/2026\/01\/Au-bure-225x300.jpg 225w, https:\/\/riche-aid.org\/wp-content\/uploads\/2026\/01\/Au-bure.jpg 810w\" sizes=\"auto, (max-width: 768px) 100vw, 768px\" \/><\/figure>\n<\/div>\n<\/div>\n\n\n\n<div class=\"wp-block-columns is-layout-flex wp-container-core-columns-is-layout-28f84493 wp-block-columns-is-layout-flex\">\n<div class=\"wp-block-column is-layout-flow wp-block-column-is-layout-flow\">\n<p>Invit\u00e9 \u00e0 la radio la voix de la diaspora<\/p>\n<\/div>\n\n\n\n<div class=\"wp-block-column is-layout-flow wp-block-column-is-layout-flow\">\n<p>Un homme de vision<\/p>\n<\/div>\n<\/div>\n\n\n\n<div class=\"wp-block-columns is-layout-flex wp-container-core-columns-is-layout-28f84493 wp-block-columns-is-layout-flex\">\n<div class=\"wp-block-column is-layout-flow wp-block-column-is-layout-flow\">\n<figure class=\"wp-block-image size-full\"><img loading=\"lazy\" decoding=\"async\" width=\"630\" height=\"834\" src=\"http:\/\/riche-aid.org\/wp-content\/uploads\/2026\/01\/au-bureau-1.png\" alt=\"\" class=\"wp-image-435\" srcset=\"https:\/\/riche-aid.org\/wp-content\/uploads\/2026\/01\/au-bureau-1.png 630w, https:\/\/riche-aid.org\/wp-content\/uploads\/2026\/01\/au-bureau-1-227x300.png 227w, https:\/\/riche-aid.org\/wp-content\/uploads\/2026\/01\/au-bureau-1-600x794.png 600w\" sizes=\"auto, (max-width: 630px) 100vw, 630px\" \/><\/figure>\n<\/div>\n\n\n\n<div class=\"wp-block-column is-layout-flow wp-block-column-is-layout-flow\">\n<figure class=\"wp-block-image size-large\"><img loading=\"lazy\" decoding=\"async\" width=\"768\" height=\"1024\" src=\"http:\/\/riche-aid.org\/wp-content\/uploads\/2026\/01\/en-tenu-gouro-768x1024.jpg\" alt=\"\" class=\"wp-image-111\" srcset=\"https:\/\/riche-aid.org\/wp-content\/uploads\/2026\/01\/en-tenu-gouro-768x1024.jpg 768w, https:\/\/riche-aid.org\/wp-content\/uploads\/2026\/01\/en-tenu-gouro-600x800.jpg 600w, https:\/\/riche-aid.org\/wp-content\/uploads\/2026\/01\/en-tenu-gouro-225x300.jpg 225w, https:\/\/riche-aid.org\/wp-content\/uploads\/2026\/01\/en-tenu-gouro.jpg 810w\" sizes=\"auto, (max-width: 768px) 100vw, 768px\" \/><\/figure>\n<\/div>\n<\/div>\n\n\n\n<p><\/p>\n\n\n\n<div class=\"wp-block-columns is-layout-flex wp-container-core-columns-is-layout-28f84493 wp-block-columns-is-layout-flex\">\n<div class=\"wp-block-column is-layout-flow wp-block-column-is-layout-flow\">\n<p>Un travailleur exceptionnel<\/p>\n<\/div>\n\n\n\n<div class=\"wp-block-column is-layout-flow wp-block-column-is-layout-flow\">\n<p>Toujours fid\u00e8les \u00e0 nos valeurs traditionnelles.<\/p>\n<\/div>\n<\/div>\n\n\n\n<div class=\"wp-block-columns is-layout-flex wp-container-core-columns-is-layout-28f84493 wp-block-columns-is-layout-flex\">\n<div class=\"wp-block-column is-layout-flow wp-block-column-is-layout-flow\">\n<figure class=\"wp-block-image size-large\"><img loading=\"lazy\" decoding=\"async\" width=\"768\" height=\"1024\" src=\"http:\/\/riche-aid.org\/wp-content\/uploads\/2026\/01\/Au-bure1-768x1024.jpg\" alt=\"\" class=\"wp-image-113\" srcset=\"https:\/\/riche-aid.org\/wp-content\/uploads\/2026\/01\/Au-bure1-768x1024.jpg 768w, https:\/\/riche-aid.org\/wp-content\/uploads\/2026\/01\/Au-bure1-600x800.jpg 600w, https:\/\/riche-aid.org\/wp-content\/uploads\/2026\/01\/Au-bure1-225x300.jpg 225w, https:\/\/riche-aid.org\/wp-content\/uploads\/2026\/01\/Au-bure1.jpg 810w\" sizes=\"auto, (max-width: 768px) 100vw, 768px\" \/><\/figure>\n<\/div>\n\n\n\n<div class=\"wp-block-column is-layout-flow wp-block-column-is-layout-flow\"><\/div>\n<\/div>\n\n\n\n<p>Donnant des instructions pour les missions, Grand homme toujours \u00e0 la t\u00e2che, infatigable.<\/p>\n\n\n\n<p><\/p>\n\n\n\n<p><\/p>\n\n\n\n<p><\/p>\n\n\n\n<p><\/p>\n","protected":false},"excerpt":{"rendered":"<p>Invit\u00e9 \u00e0 la radio la voix de la diaspora Un homme de vision Un travailleur exceptionnel Toujours fid\u00e8les \u00e0 nos valeurs traditionnelles. Donnant des instructions pour les missions, Grand homme toujours \u00e0 la t\u00e2che, infatigable.<\/p>\n","protected":false},"author":1,"featured_media":0,"parent":0,"menu_order":0,"comment_status":"closed","ping_status":"closed","template":"","meta":{"footnotes":""},"class_list":["post-26","page","type-page","status-publish","hentry"],"_links":{"self":[{"href":"https:\/\/riche-aid.org\/index.php?rest_route=\/wp\/v2\/pages\/26","targetHints":{"allow":["GET"]}}],"collection":[{"href":"https:\/\/riche-aid.org\/index.php?rest_route=\/wp\/v2\/pages"}],"about":[{"href":"https:\/\/riche-aid.org\/index.php?rest_route=\/wp\/v2\/types\/page"}],"author":[{"embeddable":true,"href":"https:\/\/riche-aid.org\/index.php?rest_route=\/wp\/v2\/users\/1"}],"replies":[{"embeddable":true,"href":"https:\/\/riche-aid.org\/index.php?rest_route=%2Fwp%2Fv2%2Fcomments&post=26"}],"version-history":[{"count":19,"href":"https:\/\/riche-aid.org\/index.php?rest_route=\/wp\/v2\/pages\/26\/revisions"}],"predecessor-version":[{"id":440,"href":"https:\/\/riche-aid.org\/index.php?rest_route=\/wp\/v2\/pages\/26\/revisions\/440"}],"wp:attachment":[{"href":"https:\/\/riche-aid.org\/index.php?rest_route=%2Fwp%2Fv2%2Fmedia&parent=26"}],"curies":[{"name":"wp","href":"https:\/\/api.w.org\/{rel}","templated":true}]}}