{"id":146,"date":"2026-01-13T22:51:44","date_gmt":"2026-01-13T22:51:44","guid":{"rendered":"https:\/\/riche-aid.org\/?page_id=146"},"modified":"2026-01-25T00:49:03","modified_gmt":"2026-01-25T00:49:03","slug":"notre-mission-2","status":"publish","type":"page","link":"https:\/\/riche-aid.org\/?page_id=146","title":{"rendered":"Notre mission"},"content":{"rendered":"\n<div class=\"wp-block-columns is-layout-flex wp-container-core-columns-is-layout-28f84493 wp-block-columns-is-layout-flex\">\n<div class=\"wp-block-column is-layout-flow wp-block-column-is-layout-flow\">\n<div class=\"wp-block-group testimonial-box is-layout-constrained wp-container-core-group-is-layout-814cda0e wp-block-group-is-layout-constrained\" style=\"margin-top:0;margin-bottom:0;padding-top:var(--wp--preset--spacing--80);padding-bottom:var(--wp--preset--spacing--80)\">\n<div class=\"wp-block-columns are-vertically-aligned-center is-layout-flex wp-container-core-columns-is-layout-28f84493 wp-block-columns-is-layout-flex\">\n<div class=\"wp-block-column is-vertically-aligned-center is-layout-flow wp-block-column-is-layout-flow\" style=\"flex-basis:65%\">\n<div class=\"wp-block-columns are-vertically-aligned-center about-us-box wow fadeInUp is-layout-flex wp-container-core-columns-is-layout-28f84493 wp-block-columns-is-layout-flex\">\n<div class=\"wp-block-column is-vertically-aligned-center has-background is-layout-flow wp-block-column-is-layout-flow\" style=\"border-radius:15px;background-color:var(--wp--preset--color--extra-primary);padding-top:var(--wp--preset--spacing--70);padding-right:var(--wp--preset--spacing--30);padding-bottom:var(--wp--preset--spacing--70);padding-left:var(--wp--preset--spacing--30)\">\n<figure class=\"wp-block-image aligncenter size-full is-resized\"><img loading=\"lazy\" decoding=\"async\" width=\"512\" height=\"512\" src=\"https:\/\/riche-aid.org\/wp-content\/uploads\/2026\/01\/gouvernement.png\" alt=\"\" class=\"wp-image-268\" style=\"width:100px\" srcset=\"https:\/\/riche-aid.org\/wp-content\/uploads\/2026\/01\/gouvernement.png 512w, https:\/\/riche-aid.org\/wp-content\/uploads\/2026\/01\/gouvernement-300x300.png 300w, https:\/\/riche-aid.org\/wp-content\/uploads\/2026\/01\/gouvernement-150x150.png 150w, https:\/\/riche-aid.org\/wp-content\/uploads\/2026\/01\/gouvernement-100x100.png 100w\" sizes=\"auto, (max-width: 512px) 100vw, 512px\" \/><\/figure>\n\n\n\n<h2 class=\"wp-block-heading has-text-align-center has-foreground-color has-text-color has-link-color has-fse-solar-power-lato-font-family wp-elements-d23f1cf015c50643b602f06601b6e366\" style=\"font-size:22px;font-style:normal;font-weight:400\"><a href=\"#\">Gouvernance administrative <\/a><\/h2>\n<\/div>\n<\/div>\n<\/div>\n\n\n\n<div class=\"wp-block-column is-vertically-aligned-center is-layout-flow wp-block-column-is-layout-flow\" style=\"flex-basis:35%\"><\/div>\n<\/div>\n<\/div>\n\n\n\n<h2 class=\"wp-block-heading has-text-align-center has-foreground-color has-text-color has-link-color has-fse-solar-power-lato-font-family wp-elements-dd5abb8176e43b976914b4122d9c3aa3\" style=\"font-size:22px;font-style:normal;font-weight:400\"><a href=\"#\">Conformit\u00e9 fiscale et parafiscale<\/a><\/h2>\n<\/div>\n\n\n\n<div class=\"wp-block-column is-layout-flow wp-block-column-is-layout-flow\">\n<div class=\"wp-block-group testimonial-box is-layout-constrained wp-container-core-group-is-layout-814cda0e wp-block-group-is-layout-constrained\" style=\"margin-top:0;margin-bottom:0;padding-top:var(--wp--preset--spacing--80);padding-bottom:var(--wp--preset--spacing--80)\">\n<div class=\"wp-block-columns are-vertically-aligned-center is-layout-flex wp-container-core-columns-is-layout-28f84493 wp-block-columns-is-layout-flex\">\n<div class=\"wp-block-column is-vertically-aligned-center is-layout-flow wp-block-column-is-layout-flow\" style=\"flex-basis:65%\">\n<div class=\"wp-block-columns are-vertically-aligned-center about-us-box wow fadeInUp is-layout-flex wp-container-core-columns-is-layout-28f84493 wp-block-columns-is-layout-flex\">\n<div class=\"wp-block-column is-vertically-aligned-center has-background-background-color has-background is-layout-flow wp-block-column-is-layout-flow\" style=\"border-radius:15px;padding-top:var(--wp--preset--spacing--70);padding-right:var(--wp--preset--spacing--30);padding-bottom:var(--wp--preset--spacing--70);padding-left:var(--wp--preset--spacing--30)\">\n<figure class=\"wp-block-image aligncenter size-full is-resized\"><img loading=\"lazy\" decoding=\"async\" width=\"512\" height=\"512\" src=\"https:\/\/riche-aid.org\/wp-content\/uploads\/2026\/01\/document-fiscal.png\" alt=\"\" class=\"wp-image-267\" style=\"width:100px\" srcset=\"https:\/\/riche-aid.org\/wp-content\/uploads\/2026\/01\/document-fiscal.png 512w, https:\/\/riche-aid.org\/wp-content\/uploads\/2026\/01\/document-fiscal-300x300.png 300w, https:\/\/riche-aid.org\/wp-content\/uploads\/2026\/01\/document-fiscal-150x150.png 150w, https:\/\/riche-aid.org\/wp-content\/uploads\/2026\/01\/document-fiscal-100x100.png 100w\" sizes=\"auto, (max-width: 512px) 100vw, 512px\" \/><\/figure>\n\n\n\n<h2 class=\"wp-block-heading has-text-align-center has-foreground-color has-text-color has-link-color has-fse-solar-power-lato-font-family wp-elements-dd5abb8176e43b976914b4122d9c3aa3\" style=\"font-size:22px;font-style:normal;font-weight:400\"><a href=\"#\">Conformit\u00e9 fiscale et parafiscale<\/a><\/h2>\n<\/div>\n<\/div>\n<\/div>\n\n\n\n<div class=\"wp-block-column is-vertically-aligned-center is-layout-flow wp-block-column-is-layout-flow\" style=\"flex-basis:35%\"><\/div>\n<\/div>\n<\/div>\n<\/div>\n\n\n\n<div class=\"wp-block-column is-layout-flow wp-block-column-is-layout-flow\">\n<div class=\"wp-block-group testimonial-box is-layout-constrained wp-container-core-group-is-layout-814cda0e wp-block-group-is-layout-constrained\" style=\"margin-top:0;margin-bottom:0;padding-top:var(--wp--preset--spacing--80);padding-bottom:var(--wp--preset--spacing--80)\">\n<div class=\"wp-block-columns are-vertically-aligned-center is-layout-flex wp-container-core-columns-is-layout-28f84493 wp-block-columns-is-layout-flex\">\n<div class=\"wp-block-column is-vertically-aligned-center is-layout-flow wp-block-column-is-layout-flow\" style=\"flex-basis:65%\">\n<div class=\"wp-block-columns are-vertically-aligned-center about-us-box wow fadeInUp is-layout-flex wp-container-core-columns-is-layout-28f84493 wp-block-columns-is-layout-flex\">\n<div class=\"wp-block-column is-vertically-aligned-center has-extra-primary-background-color has-background is-layout-flow wp-block-column-is-layout-flow\" style=\"border-radius:15px;padding-top:var(--wp--preset--spacing--70);padding-right:var(--wp--preset--spacing--30);padding-bottom:var(--wp--preset--spacing--70);padding-left:var(--wp--preset--spacing--30)\">\n<figure class=\"wp-block-image aligncenter size-full is-resized\"><img loading=\"lazy\" decoding=\"async\" width=\"512\" height=\"512\" src=\"https:\/\/riche-aid.org\/wp-content\/uploads\/2026\/01\/social.png\" alt=\"\" class=\"wp-image-266\" style=\"width:100px\" srcset=\"https:\/\/riche-aid.org\/wp-content\/uploads\/2026\/01\/social.png 512w, https:\/\/riche-aid.org\/wp-content\/uploads\/2026\/01\/social-300x300.png 300w, https:\/\/riche-aid.org\/wp-content\/uploads\/2026\/01\/social-150x150.png 150w, https:\/\/riche-aid.org\/wp-content\/uploads\/2026\/01\/social-100x100.png 100w\" sizes=\"auto, (max-width: 512px) 100vw, 512px\" \/><\/figure>\n\n\n\n<h2 class=\"wp-block-heading has-text-align-center has-foreground-color has-text-color has-link-color has-fse-solar-power-lato-font-family wp-elements-6ac8ffa4cbb701ccea5c064d6bf2acff\" style=\"font-size:22px;font-style:normal;font-weight:400\"><a href=\"#\">Responsabilit\u00e9 sociale et humaine<\/a><\/h2>\n<\/div>\n<\/div>\n<\/div>\n\n\n\n<div class=\"wp-block-column is-vertically-aligned-center is-layout-flow wp-block-column-is-layout-flow\" style=\"flex-basis:35%\"><\/div>\n<\/div>\n<\/div>\n<\/div>\n<\/div>\n\n\n\n<div class=\"wp-block-columns is-layout-flex wp-container-core-columns-is-layout-28f84493 wp-block-columns-is-layout-flex\">\n<div class=\"wp-block-column is-layout-flow wp-block-column-is-layout-flow\">\n<h2 class=\"wp-block-heading\">Notre mission<\/h2>\n\n\n\n<p><strong>RICHE-AID<\/strong> a pour vocation de restaurer durablement la cr\u00e9dibilit\u00e9 des entrepreneurs africains et de la diaspora.<br>Nous \u0153uvrons \u00e0 la mise en place d\u2019un cadre structur\u00e9, norm\u00e9 et fond\u00e9 sur l\u2019int\u00e9grit\u00e9, afin de promouvoir un entrepreneuriat responsable, comp\u00e9titif et conforme aux standards internationaux.<\/p>\n\n\n\n<p>\u00c0 travers nos actions, nous contribuons \u00e0 renforcer la confiance des partenaires \u00e9conomiques, des investisseurs et des institutions, tout en soutenant un d\u00e9veloppement \u00e9conomique inclusif et durable sur le continent africain.<\/p>\n\n\n\n<h2 class=\"wp-block-heading\">Nos missions sp\u00e9cifiques<\/h2>\n\n\n\n<h3 class=\"wp-block-heading\">Redorer l\u2019image de l\u2019entrepreneuriat africain<\/h3>\n\n\n\n<p>RICHE-AID valorise les entrepreneurs engag\u00e9s dans des pratiques \u00e9thiques et performantes, en mettant en avant la transparence, la bonne gouvernance et l\u2019excellence professionnelle.<\/p>\n\n\n\n<h3 class=\"wp-block-heading\">Cr\u00e9er un environnement d\u2019affaires s\u00e9curis\u00e9 et fiable<\/h3>\n\n\n\n<p>Nous participons \u00e0 la structuration d\u2019un \u00e9cosyst\u00e8me entrepreneurial bas\u00e9 sur la confiance, la conformit\u00e9 r\u00e9glementaire et la fiabilit\u00e9 des acteurs \u00e9conomiques.<\/p>\n\n\n\n<h3 class=\"wp-block-heading\">Faciliter des partenariats \u00e9conomiques qualifi\u00e9s<\/h3>\n\n\n\n<p>RICHE-AID accompagne la mise en relation entre entrepreneurs cr\u00e9dibles, investisseurs et partenaires strat\u00e9giques, afin de favoriser des collaborations durables \u00e0 forte valeur ajout\u00e9e.<\/p>\n\n\n\n<h3 class=\"wp-block-heading\">Servir d\u2019interface cr\u00e9dible avec les institutions internationales<\/h3>\n\n\n\n<p>Nous agissons comme un interlocuteur reconnu aupr\u00e8s des institutions internationales, des bailleurs de fonds et des organisations de coop\u00e9ration, en repr\u00e9sentant les int\u00e9r\u00eats des entrepreneurs africains et de la diaspora avec professionnalisme et l\u00e9gitimit\u00e9.<\/p>\n<\/div>\n\n\n\n<div class=\"wp-block-column is-layout-flow wp-block-column-is-layout-flow\">\n<figure class=\"wp-block-image size-full\"><img loading=\"lazy\" decoding=\"async\" width=\"716\" height=\"374\" src=\"https:\/\/riche-aid.org\/wp-content\/uploads\/2026\/01\/mission-1.png\" alt=\"\" class=\"wp-image-340\" srcset=\"https:\/\/riche-aid.org\/wp-content\/uploads\/2026\/01\/mission-1.png 716w, https:\/\/riche-aid.org\/wp-content\/uploads\/2026\/01\/mission-1-300x157.png 300w, https:\/\/riche-aid.org\/wp-content\/uploads\/2026\/01\/mission-1-600x313.png 600w\" sizes=\"auto, (max-width: 716px) 100vw, 716px\" \/><\/figure>\n<\/div>\n<\/div>\n\n\n\n<div class=\"wp-block-group testimonial-box is-layout-constrained wp-container-core-group-is-layout-814cda0e wp-block-group-is-layout-constrained\" style=\"margin-top:0;margin-bottom:0;padding-top:var(--wp--preset--spacing--80);padding-bottom:var(--wp--preset--spacing--80)\"><\/div>\n\n\n\n<p><\/p>\n","protected":false},"excerpt":{"rendered":"<p>Gouvernance administrative Conformit\u00e9 fiscale et parafiscale Conformit\u00e9 fiscale et parafiscale Responsabilit\u00e9 sociale et humaine Notre mission RICHE-AID a pour vocation de restaurer durablement la cr\u00e9dibilit\u00e9 des entrepreneurs africains et de la diaspora.Nous \u0153uvrons \u00e0 la mise en place d\u2019un cadre structur\u00e9, norm\u00e9 et fond\u00e9 sur l\u2019int\u00e9grit\u00e9, afin de promouvoir un entrepreneuriat responsable, comp\u00e9titif et conforme [&hellip;]<\/p>\n","protected":false},"author":1,"featured_media":0,"parent":0,"menu_order":0,"comment_status":"closed","ping_status":"closed","template":"","meta":{"footnotes":""},"class_list":["post-146","page","type-page","status-publish","hentry"],"_links":{"self":[{"href":"https:\/\/riche-aid.org\/index.php?rest_route=\/wp\/v2\/pages\/146","targetHints":{"allow":["GET"]}}],"collection":[{"href":"https:\/\/riche-aid.org\/index.php?rest_route=\/wp\/v2\/pages"}],"about":[{"href":"https:\/\/riche-aid.org\/index.php?rest_route=\/wp\/v2\/types\/page"}],"author":[{"embeddable":true,"href":"https:\/\/riche-aid.org\/index.php?rest_route=\/wp\/v2\/users\/1"}],"replies":[{"embeddable":true,"href":"https:\/\/riche-aid.org\/index.php?rest_route=%2Fwp%2Fv2%2Fcomments&post=146"}],"version-history":[{"count":18,"href":"https:\/\/riche-aid.org\/index.php?rest_route=\/wp\/v2\/pages\/146\/revisions"}],"predecessor-version":[{"id":366,"href":"https:\/\/riche-aid.org\/index.php?rest_route=\/wp\/v2\/pages\/146\/revisions\/366"}],"wp:attachment":[{"href":"https:\/\/riche-aid.org\/index.php?rest_route=%2Fwp%2Fv2%2Fmedia&parent=146"}],"curies":[{"name":"wp","href":"https:\/\/api.w.org\/{rel}","templated":true}]}}